{"id":4318,"date":"2025-08-01T14:42:32","date_gmt":"2025-08-01T11:42:32","guid":{"rendered":"https:\/\/www.kpmetafora.fi\/?page_id=4318"},"modified":"2026-02-02T11:14:22","modified_gmt":"2026-02-02T09:14:22","slug":"framsidan","status":"publish","type":"page","link":"https:\/\/www.kpmetafora.fi\/sv\/","title":{"rendered":"Framsidan"},"content":{"rendered":"\r\n\r\n<section class=\"hero site-banner banner-bg-image section-default default alignfull image\">\r\n\r\n    <div class=\"site-banner-bg section-bg-image ob-position\" style=\"object-position: 50% 99%\" >\r\n\r\n        <img loading=\"lazy\" decoding=\"async\" width=\"1920\" height=\"1440\" src=\"https:\/\/www.kpmetafora.fi\/wp-content\/uploads\/2025\/09\/bodybg.jpg\" class=\"attachment-1536\u00d71536 size-1536\u00d71536\" alt=\"\" srcset=\"https:\/\/www.kpmetafora.fi\/wp-content\/uploads\/2025\/09\/bodybg.jpg 1920w, https:\/\/www.kpmetafora.fi\/wp-content\/uploads\/2025\/09\/bodybg-300x225.jpg 300w, https:\/\/www.kpmetafora.fi\/wp-content\/uploads\/2025\/09\/bodybg-1024x768.jpg 1024w, https:\/\/www.kpmetafora.fi\/wp-content\/uploads\/2025\/09\/bodybg-768x576.jpg 768w, https:\/\/www.kpmetafora.fi\/wp-content\/uploads\/2025\/09\/bodybg-1536x1152.jpg 1536w\" sizes=\"auto, (max-width: 1920px) 100vw, 1920px\" \/>\r\n        \r\n            <div class=\"site-banner-content container\">\r\n                <div class=\"row w-100\">\r\n                    <div class=\"col-md-12\">\r\n\r\n                        <h1 class=\"hero-title\">Metafora \u00f6vers\u00e4ttningar<\/h1><div class=\"inner-content\">\r\n                            <div class=\"acf-innerblocks-container\"><\/div>\r\n                        <\/div>                    <\/div>\r\n                <\/div>\r\n            <\/div>\r\n        \r\n        <\/div><\/section>\n\n\n<div class=\"wp-block-columns is-style-default is-layout-flex wp-container-core-columns-is-layout-9d6595d7 wp-block-columns-is-layout-flex\">\n<div class=\"wp-block-column is-layout-flow wp-block-column-is-layout-flow\">\n<h2 class=\"wp-block-heading\">V\u00e4lkommen till Metaforas webbplats! Vi tillhandah\u00e5ller h\u00f6gkvalitativa \u00f6vers\u00e4ttnings- och spr\u00e5kgranskningstj\u00e4nster f\u00f6r perfekta och s\u00e4ljande texter.<\/h2>\n\n\n\n<p>Vi arbetar med f\u00f6ljande spr\u00e5kkombinationer: engelska till finska, finska till engelska och svenska till finska.<\/p>\n\n\n\n<p>Metafora \u00f6vers\u00e4ttningar levererar professionella \u00f6vers\u00e4ttnings- och spr\u00e5kgranskningstj\u00e4nster \u00e5t f\u00f6retag, organisationer och privatpersoner f\u00f6r att se till att budskapet n\u00e5r fram i din interkulturella kommunikation. Vi g\u00f6r detta genom att f\u00f6ra \u00f6ver den viktigaste aspekten av din text, n\u00e4mligen den faktiska inneb\u00f6rden, till m\u00e5lspr\u00e5ket p\u00e5 ett tryggt s\u00e4tt. Metafora levererar texter med ett naturligt, korrekt och flytande spr\u00e5k som verkligen fungerar i det land d\u00e4r de ska anv\u00e4ndas.<\/p>\n\n\n\n<p>Metaforas tj\u00e4nster vilar p\u00e5 en gedigen grund: utbildning i \u00f6vers\u00e4ttningsvetenskap, moderna \u00f6vers\u00e4ttningsverktyg (CAT) och en kundinriktad, p\u00e5litlig service. Detta garanterar h\u00f6gklassiga \u00f6vers\u00e4ttningar och tydliga texter d\u00e4r ditt budskap verkligen g\u00e5r fram!<\/p>\n<\/div>\n\n\n\n<div class=\"wp-block-column is-layout-flow wp-block-column-is-layout-flow\" style=\"flex-basis:33%\">\n<div class=\"fb-page\" data-href=\"https:\/\/www.facebook.com\/kpmetafora\" data-tabs=\"timeline\" data-width=\"\" data-height=\"\" data-small-header=\"false\" data-adapt-container-width=\"true\" data-hide-cover=\"false\" data-show-facepile=\"true\"><blockquote cite=\"https:\/\/www.facebook.com\/kpmetafora\" class=\"fb-xfbml-parse-ignore\"><a href=\"https:\/\/www.facebook.com\/kpmetafora\">K\u00e4\u00e4nn\u00f6spalvelu Metafora<\/a><\/blockquote><\/div>\n<\/div>\n<\/div>\n\n\n\n<div class=\"wp-block-columns nosto-kuva-ja-teksti is-layout-flex wp-container-core-columns-is-layout-9d6595d7 wp-block-columns-is-layout-flex\">\n<div class=\"wp-block-column has-white-background-color has-background is-layout-flow wp-block-column-is-layout-flow\">\n<h2 class=\"wp-block-heading\">\u00d6vers\u00e4ttning<\/h2>\n\n\n\n<p>P\u00e5 Metafora \u00f6vers\u00e4ttningar jobbar vi till exempel med f\u00f6ljande texter: broschyrer, webbplatser, doktorsavhandlingar, avtal, CV:n, undertitlar f\u00f6r tv-program och artiklar.<a href=\"https:\/\/www.kpmetafora.fi\/sv\/oversattning\/\"><\/a><\/p>\n\n\n\n<div class=\"wp-block-buttons is-layout-flex wp-block-buttons-is-layout-flex\">\n<div class=\"wp-block-button\"><a class=\"wp-block-button__link wp-element-button\" href=\"https:\/\/www.kpmetafora.fi\/sv\/oversattning\/\">L\u00e4s mer<\/a><\/div>\n<\/div>\n<\/div>\n\n\n\n<div class=\"wp-block-column has-white-background-color has-background is-layout-flow wp-block-column-is-layout-flow\">\n<h2 class=\"wp-block-heading has-text-align-left\">Spr\u00e5kgranskning<\/h2>\n\n\n\n<p>Det finns inget snabbare s\u00e4tt att underminera din trov\u00e4rdighet \u00e4n att anv\u00e4nda felaktiga \u00f6vers\u00e4ttningar och otydliga uttryck.<a href=\"https:\/\/www.kpmetafora.fi\/sv\/sprakgranskning\/\"><\/a><\/p>\n\n\n\n<div class=\"wp-block-buttons is-layout-flex wp-block-buttons-is-layout-flex\">\n<div class=\"wp-block-button\"><a class=\"wp-block-button__link wp-element-button\" href=\"https:\/\/www.kpmetafora.fi\/sv\/sprakgranskning\/\">L\u00e4s mer<\/a><\/div>\n<\/div>\n<\/div>\n\n\n\n<div class=\"wp-block-column has-white-background-color has-background is-layout-flow wp-block-column-is-layout-flow\">\n<h2 class=\"wp-block-heading\">Kontakt<\/h2>\n\n\n\n<p class=\"nosto-kuva-ja-teksti\">Var s\u00e5 god och anv\u00e4nd blanketten nedanf\u00f6r eller l\u00e4nken ovanf\u00f6r f\u00f6r att kontakta mig r\u00f6rande \u00f6vers\u00e4ttnings- eller textgranskningstj\u00e4nster. Du kontaktas snart.<a href=\"https:\/\/www.kpmetafora.fi\/sv\/kontakt\/\"><\/a><\/p>\n\n\n\n<p class=\"nosto-kuva-ja-teksti\"><\/p>\n\n\n\n<div class=\"wp-block-buttons is-layout-flex wp-block-buttons-is-layout-flex\">\n<div class=\"wp-block-button is-style-fill\"><a class=\"wp-block-button__link wp-element-button\" href=\"https:\/\/www.kpmetafora.fi\/sv\/kontakt\/\">L\u00e4s mer<\/a><\/div>\n<\/div>\n<\/div>\n<\/div>\n","protected":false},"excerpt":{"rendered":"<p>V\u00e4lkommen till Metaforas webbplats! Vi tillhandah\u00e5ller h\u00f6gkvalitativa \u00f6vers\u00e4ttnings- och spr\u00e5kgranskningstj\u00e4nster f\u00f6r perfekta och s\u00e4ljande texter. Vi arbetar med f\u00f6ljande spr\u00e5kkombinationer: engelska till finska, finska till engelska och svenska till finska. Metafora \u00f6vers\u00e4ttningar levererar professionella \u00f6vers\u00e4ttnings- och spr\u00e5kgranskningstj\u00e4nster \u00e5t f\u00f6retag, organisationer och privatpersoner f\u00f6r att se till att budskapet n\u00e5r fram i din interkulturella kommunikation. Vi [&hellip;]<\/p>\n","protected":false},"author":1,"featured_media":0,"parent":0,"menu_order":1,"comment_status":"closed","ping_status":"closed","template":"","meta":{"_acf_changed":false,"footnotes":""},"class_list":["post-4318","page","type-page","status-publish","hentry"],"acf":[],"aioseo_notices":[],"_links":{"self":[{"href":"https:\/\/www.kpmetafora.fi\/sv\/wp-json\/wp\/v2\/pages\/4318","targetHints":{"allow":["GET"]}}],"collection":[{"href":"https:\/\/www.kpmetafora.fi\/sv\/wp-json\/wp\/v2\/pages"}],"about":[{"href":"https:\/\/www.kpmetafora.fi\/sv\/wp-json\/wp\/v2\/types\/page"}],"author":[{"embeddable":true,"href":"https:\/\/www.kpmetafora.fi\/sv\/wp-json\/wp\/v2\/users\/1"}],"replies":[{"embeddable":true,"href":"https:\/\/www.kpmetafora.fi\/sv\/wp-json\/wp\/v2\/comments?post=4318"}],"version-history":[{"count":0,"href":"https:\/\/www.kpmetafora.fi\/sv\/wp-json\/wp\/v2\/pages\/4318\/revisions"}],"wp:attachment":[{"href":"https:\/\/www.kpmetafora.fi\/sv\/wp-json\/wp\/v2\/media?parent=4318"}],"curies":[{"name":"wp","href":"https:\/\/api.w.org\/{rel}","templated":true}]}}