{"id":4316,"date":"2025-09-15T13:05:26","date_gmt":"2025-09-15T10:05:26","guid":{"rendered":"https:\/\/www.kpmetafora.fi\/?page_id=4316"},"modified":"2025-09-15T14:23:31","modified_gmt":"2025-09-15T11:23:31","slug":"sprakgranskning","status":"publish","type":"page","link":"https:\/\/www.kpmetafora.fi\/sv\/sprakgranskning\/","title":{"rendered":"Spr\u00e5kgranskning"},"content":{"rendered":"\r\n\r\n<section class=\"hero site-banner banner-bg-image section-default default alignfull image\">\r\n\r\n    <div class=\"site-banner-bg section-bg-image \" >\r\n\r\n        <img loading=\"lazy\" decoding=\"async\" width=\"1000\" height=\"500\" src=\"https:\/\/www.kpmetafora.fi\/wp-content\/uploads\/2025\/09\/tekstinhuolto.jpg\" class=\"attachment-1536\u00d71536 size-1536\u00d71536\" alt=\"\" srcset=\"https:\/\/www.kpmetafora.fi\/wp-content\/uploads\/2025\/09\/tekstinhuolto.jpg 1000w, https:\/\/www.kpmetafora.fi\/wp-content\/uploads\/2025\/09\/tekstinhuolto-300x150.jpg 300w, https:\/\/www.kpmetafora.fi\/wp-content\/uploads\/2025\/09\/tekstinhuolto-768x384.jpg 768w\" sizes=\"auto, (max-width: 1000px) 100vw, 1000px\" \/>\r\n        \r\n            <div class=\"site-banner-content container\">\r\n                <div class=\"row w-100\">\r\n                    <div class=\"col-md-12\">\r\n\r\n                        <h1 class=\"hero-title\">Spr\u00e5kgranskning<\/h1><div class=\"inner-content\">\r\n                            <div class=\"acf-innerblocks-container\"><\/div>\r\n                        <\/div>                    <\/div>\r\n                <\/div>\r\n            <\/div>\r\n        \r\n        <\/div><\/section>\n\n\n<div class=\"wp-block-columns is-style-default is-layout-flex wp-container-core-columns-is-layout-9d6595d7 wp-block-columns-is-layout-flex\">\n<div class=\"wp-block-column is-layout-flow wp-block-column-is-layout-flow\">\n<h2 class=\"wp-block-heading\">Se till att ditt budskap n\u00e5r ut!<\/h2>\n\n\n\n<h3 class=\"wp-block-heading\">Spr\u00e5kgranskning<\/h3>\n\n\n\n<p>Det finns inget snabbare s\u00e4tt att underminera din trov\u00e4rdighet \u00e4n att anv\u00e4nda felaktiga \u00f6vers\u00e4ttningar och otydliga uttryck. Om du beh\u00f6ver kontrollera kvaliteten p\u00e5 en \u00f6vers\u00e4ttning s\u00e5 skickar du in den f\u00f6r spr\u00e5kgranskning. K\u00e4ll- och m\u00e5ltexten j\u00e4mf\u00f6rs och alla delar av texten kontrolleras: grammatik, stavning samt m\u00e5ltextens stil.<\/p>\n\n\n\n<h3 class=\"wp-block-heading\">Korrekturl\u00e4sning<\/h3>\n\n\n\n<p>Om du vill att texten ska vara klar och tydlig f\u00f6r l\u00e4sarna samt grammatiskt korrekt s\u00e5 skickar du in den f\u00f6r korrekturl\u00e4sning. Om du g\u00f6r det s\u00e5 f\u00f6rs\u00e4krar du dig om att budskapet n\u00e5r fram till l\u00e4saren p\u00e5 ett s\u00e4tt som \u00e4r l\u00e4mpligt f\u00f6r texttypen. Du ser ocks\u00e5 till att undvika clich\u00e9er, stavfel och grammatiska felaktigheter. Fel kommer att r\u00e4ttas till och otydliga delar att kommenteras.<\/p>\n<\/div>\n\n\n\n<div class=\"wp-block-column is-layout-flow wp-block-column-is-layout-flow\" style=\"flex-basis:33%\">\n<h2 class=\"wp-block-heading\">Info<\/h2>\n\n\n\n<p>F\u00f6r kunder fr\u00e5n Finland och kunder inom EU som inte har momsskyldighet f\u00f6r aff\u00e4rsverksamhet kommer 24 % moms att l\u00e4ggas till p\u00e5 ovanst\u00e5ende priser. Om kunden vill annullera en best\u00e4llning s\u00e5 kommer en kompensationsavgift f\u00f6r jobb som utf\u00f6rts fram till den dagen att debiteras. Fakturor ska betalas inom 14 dagar efter faktureringsdatumet.<\/p>\n\n\n\n<p><a href=\"http:\/\/www.kpmetafora.fi\/sv\/kontakt\/\">Du kan beg\u00e4ra ett kostnadsf\u00f6rslag f\u00f6r din spr\u00e5kgranskning eller korrekturl\u00e4sning h\u00e4r<\/a><\/p>\n\n\n\n<div class=\"fb-page\" data-href=\"https:\/\/www.facebook.com\/kpmetafora\" data-tabs=\"timeline\" data-width=\"\" data-height=\"\" data-small-header=\"false\" data-adapt-container-width=\"true\" data-hide-cover=\"false\" data-show-facepile=\"true\"><blockquote cite=\"https:\/\/www.facebook.com\/kpmetafora\" class=\"fb-xfbml-parse-ignore\"><a href=\"https:\/\/www.facebook.com\/kpmetafora\">K\u00e4\u00e4nn\u00f6spalvelu Metafora<\/a><\/blockquote><\/div>\n<\/div>\n<\/div>\n","protected":false},"excerpt":{"rendered":"<p>Se till att ditt budskap n\u00e5r ut! Spr\u00e5kgranskning Det finns inget snabbare s\u00e4tt att underminera din trov\u00e4rdighet \u00e4n att anv\u00e4nda felaktiga \u00f6vers\u00e4ttningar och otydliga uttryck. Om du beh\u00f6ver kontrollera kvaliteten p\u00e5 en \u00f6vers\u00e4ttning s\u00e5 skickar du in den f\u00f6r spr\u00e5kgranskning. K\u00e4ll- och m\u00e5ltexten j\u00e4mf\u00f6rs och alla delar av texten kontrolleras: grammatik, stavning samt m\u00e5ltextens stil. [&hellip;]<\/p>\n","protected":false},"author":1,"featured_media":0,"parent":0,"menu_order":0,"comment_status":"closed","ping_status":"closed","template":"","meta":{"_acf_changed":false,"footnotes":""},"class_list":["post-4316","page","type-page","status-publish","hentry"],"acf":[],"aioseo_notices":[],"_links":{"self":[{"href":"https:\/\/www.kpmetafora.fi\/sv\/wp-json\/wp\/v2\/pages\/4316","targetHints":{"allow":["GET"]}}],"collection":[{"href":"https:\/\/www.kpmetafora.fi\/sv\/wp-json\/wp\/v2\/pages"}],"about":[{"href":"https:\/\/www.kpmetafora.fi\/sv\/wp-json\/wp\/v2\/types\/page"}],"author":[{"embeddable":true,"href":"https:\/\/www.kpmetafora.fi\/sv\/wp-json\/wp\/v2\/users\/1"}],"replies":[{"embeddable":true,"href":"https:\/\/www.kpmetafora.fi\/sv\/wp-json\/wp\/v2\/comments?post=4316"}],"version-history":[{"count":0,"href":"https:\/\/www.kpmetafora.fi\/sv\/wp-json\/wp\/v2\/pages\/4316\/revisions"}],"wp:attachment":[{"href":"https:\/\/www.kpmetafora.fi\/sv\/wp-json\/wp\/v2\/media?parent=4316"}],"curies":[{"name":"wp","href":"https:\/\/api.w.org\/{rel}","templated":true}]}}