{"id":4314,"date":"2025-09-12T14:11:29","date_gmt":"2025-09-12T11:11:29","guid":{"rendered":"https:\/\/www.kpmetafora.fi\/?page_id=4314"},"modified":"2025-09-15T14:22:34","modified_gmt":"2025-09-15T11:22:34","slug":"oversattning","status":"publish","type":"page","link":"https:\/\/www.kpmetafora.fi\/sv\/oversattning\/","title":{"rendered":"\u00d6vers\u00e4ttning"},"content":{"rendered":"\r\n\r\n<section class=\"hero site-banner banner-bg-image section-default default alignfull image\">\r\n\r\n    <div class=\"site-banner-bg section-bg-image \" >\r\n\r\n        <img loading=\"lazy\" decoding=\"async\" width=\"1000\" height=\"500\" src=\"https:\/\/www.kpmetafora.fi\/wp-content\/uploads\/2025\/09\/kaannokset.jpg\" class=\"attachment-1536\u00d71536 size-1536\u00d71536\" alt=\"\" srcset=\"https:\/\/www.kpmetafora.fi\/wp-content\/uploads\/2025\/09\/kaannokset.jpg 1000w, https:\/\/www.kpmetafora.fi\/wp-content\/uploads\/2025\/09\/kaannokset-300x150.jpg 300w, https:\/\/www.kpmetafora.fi\/wp-content\/uploads\/2025\/09\/kaannokset-768x384.jpg 768w\" sizes=\"auto, (max-width: 1000px) 100vw, 1000px\" \/>\r\n        \r\n            <div class=\"site-banner-content container\">\r\n                <div class=\"row w-100\">\r\n                    <div class=\"col-md-12\">\r\n\r\n                        <h1 class=\"hero-title\">\u00d6vers\u00e4ttning<\/h1><div class=\"inner-content\">\r\n                            <div class=\"acf-innerblocks-container\"><\/div>\r\n                        <\/div>                    <\/div>\r\n                <\/div>\r\n            <\/div>\r\n        \r\n        <\/div><\/section>\n\n\n<div class=\"wp-block-columns is-layout-flex wp-container-core-columns-is-layout-9d6595d7 wp-block-columns-is-layout-flex\">\n<div class=\"wp-block-column is-layout-flow wp-block-column-is-layout-flow\" style=\"flex-basis:66.66%\">\n<h2 class=\"wp-block-heading\">\u00d6ppna nya d\u00f6rrar med dina texter<\/h2>\n\n\n\n<p>N\u00e5 ut till din finsktalande m\u00e5lgrupp genom att best\u00e4lla spr\u00e5ktj\u00e4nster fr\u00e5n inf\u00f6dda och erfarna finska \u00f6vers\u00e4ttare.Texttypen, k\u00e4lltextens \u00e4mne och textens m\u00e5lgrupp \u00e4r saker som m\u00e5ste beaktas n\u00e4r man jobbar med en \u00f6vers\u00e4ttning. Samtidigt tar vi alltid h\u00e4nsyn till kundens krav n\u00e4r vi jobbar med texterna.<br>Tack vare att vi anv\u00e4nder de senaste \u00f6vers\u00e4ttningsverktygen f\u00f6r Computer Assisted Translation (CAT) kan vi se till att texterna levereras i tid och att terminologin anv\u00e4nds konsekvent.<\/p>\n\n\n\n<p>P\u00e5 Metafora \u00f6vers\u00e4ttningar jobbar vi till exempel med f\u00f6ljande texter: broschyrer, webbplatser, doktorsavhandlingar, avtal, CV:n, undertitlar f\u00f6r tv-program, artiklar, nyheter, pressmeddelanden, PowerPoint-presentationer, \u00e5rsrapporter, bruksanvisningar och f\u00f6rpackningsetiketter, bland m\u00e5nga andra.<\/p>\n\n\n\n<h3 class=\"wp-block-heading\">\u00d6vers\u00e4ttningstj\u00e4nster<\/h3>\n\n\n\n<p><strong>fr\u00e5n engelska till finska<\/strong><br><strong>&nbsp;<\/strong><br><strong>fr\u00e5n svenska till finska<\/strong><br><strong>&nbsp;<\/strong><br><strong>fr\u00e5n finska till engelska<\/strong><\/p>\n<\/div>\n\n\n\n<div class=\"wp-block-column is-layout-flow wp-block-column-is-layout-flow\" style=\"flex-basis:33.33%\">\n<h2 class=\"wp-block-heading\">Info<\/h2>\n\n\n\n<p>F\u00f6r kunder fr\u00e5n Finland och kunder inom EU som inte har momsskyldighet f\u00f6r aff\u00e4rsverksamhet kommer 24 % moms att l\u00e4ggas till p\u00e5 ovanst\u00e5ende priser.Om kunden vill annullera en best\u00e4llning s\u00e5 kommer en kompensationsavgift f\u00f6r utf\u00f6rt jobb fram till den dagen att debiteras.<br>Fakturor ska betalas inom 14 dagar efter faktureringsdatumet.<\/p>\n\n\n\n<p><a href=\"http:\/\/www.kpmetafora.fi\/sv\/kontakt\/\" title=\"\">Beg\u00e4r ett kostnadsf\u00f6rslag f\u00f6r \u00f6vers\u00e4ttning h\u00e4r.<\/a><\/p>\n\n\n\n<div class=\"fb-page\" data-href=\"https:\/\/www.facebook.com\/kpmetafora\" data-tabs=\"timeline\" data-width=\"\" data-height=\"\" data-small-header=\"false\" data-adapt-container-width=\"true\" data-hide-cover=\"false\" data-show-facepile=\"true\"><blockquote cite=\"https:\/\/www.facebook.com\/kpmetafora\" class=\"fb-xfbml-parse-ignore\"><a href=\"https:\/\/www.facebook.com\/kpmetafora\">K\u00e4\u00e4nn\u00f6spalvelu Metafora<\/a><\/blockquote><\/div>\n<\/div>\n<\/div>\n","protected":false},"excerpt":{"rendered":"<p>\u00d6ppna nya d\u00f6rrar med dina texter N\u00e5 ut till din finsktalande m\u00e5lgrupp genom att best\u00e4lla spr\u00e5ktj\u00e4nster fr\u00e5n inf\u00f6dda och erfarna finska \u00f6vers\u00e4ttare.Texttypen, k\u00e4lltextens \u00e4mne och textens m\u00e5lgrupp \u00e4r saker som m\u00e5ste beaktas n\u00e4r man jobbar med en \u00f6vers\u00e4ttning. Samtidigt tar vi alltid h\u00e4nsyn till kundens krav n\u00e4r vi jobbar med texterna.Tack vare att vi anv\u00e4nder [&hellip;]<\/p>\n","protected":false},"author":1,"featured_media":0,"parent":0,"menu_order":0,"comment_status":"closed","ping_status":"closed","template":"","meta":{"_acf_changed":false,"footnotes":""},"class_list":["post-4314","page","type-page","status-publish","hentry"],"acf":[],"aioseo_notices":[],"_links":{"self":[{"href":"https:\/\/www.kpmetafora.fi\/sv\/wp-json\/wp\/v2\/pages\/4314","targetHints":{"allow":["GET"]}}],"collection":[{"href":"https:\/\/www.kpmetafora.fi\/sv\/wp-json\/wp\/v2\/pages"}],"about":[{"href":"https:\/\/www.kpmetafora.fi\/sv\/wp-json\/wp\/v2\/types\/page"}],"author":[{"embeddable":true,"href":"https:\/\/www.kpmetafora.fi\/sv\/wp-json\/wp\/v2\/users\/1"}],"replies":[{"embeddable":true,"href":"https:\/\/www.kpmetafora.fi\/sv\/wp-json\/wp\/v2\/comments?post=4314"}],"version-history":[{"count":0,"href":"https:\/\/www.kpmetafora.fi\/sv\/wp-json\/wp\/v2\/pages\/4314\/revisions"}],"wp:attachment":[{"href":"https:\/\/www.kpmetafora.fi\/sv\/wp-json\/wp\/v2\/media?parent=4314"}],"curies":[{"name":"wp","href":"https:\/\/api.w.org\/{rel}","templated":true}]}}