{"id":4309,"date":"2025-09-15T14:18:12","date_gmt":"2025-09-15T11:18:12","guid":{"rendered":"https:\/\/www.kpmetafora.fi\/?page_id=4309"},"modified":"2025-09-15T14:18:14","modified_gmt":"2025-09-15T11:18:14","slug":"om-foretaget","status":"publish","type":"page","link":"https:\/\/www.kpmetafora.fi\/sv\/om-foretaget\/","title":{"rendered":"Om f\u00f6retaget"},"content":{"rendered":"\r\n\r\n<section class=\"hero site-banner banner-bg-image section-default default alignfull image\">\r\n\r\n    <div class=\"site-banner-bg section-bg-image \" >\r\n\r\n        <img loading=\"lazy\" decoding=\"async\" width=\"1000\" height=\"500\" src=\"https:\/\/www.kpmetafora.fi\/wp-content\/uploads\/2025\/09\/yritys.jpg\" class=\"attachment-1536\u00d71536 size-1536\u00d71536\" alt=\"\" srcset=\"https:\/\/www.kpmetafora.fi\/wp-content\/uploads\/2025\/09\/yritys.jpg 1000w, https:\/\/www.kpmetafora.fi\/wp-content\/uploads\/2025\/09\/yritys-300x150.jpg 300w, https:\/\/www.kpmetafora.fi\/wp-content\/uploads\/2025\/09\/yritys-768x384.jpg 768w\" sizes=\"auto, (max-width: 1000px) 100vw, 1000px\" \/>\r\n        \r\n            <div class=\"site-banner-content container\">\r\n                <div class=\"row w-100\">\r\n                    <div class=\"col-md-12\">\r\n\r\n                        <h1 class=\"hero-title\">Om f\u00f6retaget<\/h1><div class=\"inner-content\">\r\n                            <div class=\"acf-innerblocks-container\"><\/div>\r\n                        <\/div>                    <\/div>\r\n                <\/div>\r\n            <\/div>\r\n        \r\n        <\/div><\/section>\n\n\n<div class=\"wp-block-columns is-layout-flex wp-container-core-columns-is-layout-9d6595d7 wp-block-columns-is-layout-flex\">\n<div class=\"wp-block-column is-layout-flow wp-block-column-is-layout-flow\" style=\"flex-basis:66.66%\">\n<h2 class=\"wp-block-heading\">\u00d6vers\u00e4ttningstj\u00e4nst Metafor<\/h2>\n\n\n\n<p><strong>Verksamhetsform:<\/strong>&nbsp;Egenf\u00f6retagare<br><strong>FO-nummer:<\/strong>&nbsp;2293580-0<br><strong>Momsnummer:<\/strong>&nbsp;FI29935800<\/p>\n\n\n\n<p><strong>\u00d6vers\u00e4ttningstj\u00e4nst Metafor<br>Adress:&nbsp;<\/strong>Kolokuja 3 B, l\u00e4genh. 9, 14200 Turenki, Finland<br><strong>Mobiltelefon:<\/strong>&nbsp;+358 44 5734 574<br><strong>E-postadress:<\/strong>&nbsp;<a href=\"mailto:info@metafora.fi\">info@kpmetafora.fi<br><\/a><strong>Facebook:<\/strong>&nbsp;<a href=\"https:\/\/www.facebook.com\/kpmetafora\/\">https:\/\/www.facebook.com\/kpmetafora\/<\/a><\/p>\n\n\n\n<p><a href=\"http:\/\/www.linkedin.com\/pub\/lauri-hanhim%C3%A4ki\/63\/97\/a2\"><strong>Lauri Hanhim\u00e4ki<\/strong><\/a><\/p>\n\n\n\n<p>Bakgrund: Filosofie magisterexamen (Master of Arts), Joensuu universitet, institutet f\u00f6r \u00f6vers\u00e4ttningsvetenskap, Savonlinna, Finland<br>Huvud\u00e4mne: engelska spr\u00e5ket och \u00f6vers\u00e4ttning<br>Bi\u00e4mne: finska spr\u00e5ket och \u00f6vers\u00e4ttning, \u00f6vers\u00e4ttningsvetenskap, svenska spr\u00e5ket och \u00f6vers\u00e4ttning, tolkning<\/p>\n\n\n\n<p>Medlem av KAJ \u2013 \u00d6vers\u00e4ttningsbranschens experter.<\/p>\n<\/div>\n\n\n\n<div class=\"wp-block-column is-layout-flow wp-block-column-is-layout-flow\" style=\"flex-basis:33.33%\">\n<h2 class=\"wp-block-heading\">Kontakt<\/h2>\n\n\n\n<p><strong>K\u00e4\u00e4nn\u00f6spalvelu Metafora<\/strong><br>Kolokuja 3 B 9<br>14200 Turenki<\/p>\n\n\n\n<p><strong>Mobiltelefon:<br><\/strong>+358 44 5734 574<\/p>\n\n\n\n<p><strong>E-post:<br><\/strong>info@kpmetafora.fi<\/p>\n\n\n\n<div class=\"fb-page\" data-href=\"https:\/\/www.facebook.com\/kpmetafora\" data-tabs=\"timeline\" data-width=\"\" data-height=\"\" data-small-header=\"false\" data-adapt-container-width=\"true\" data-hide-cover=\"false\" data-show-facepile=\"true\"><blockquote cite=\"https:\/\/www.facebook.com\/kpmetafora\" class=\"fb-xfbml-parse-ignore\"><a href=\"https:\/\/www.facebook.com\/kpmetafora\">K\u00e4\u00e4nn\u00f6spalvelu Metafora<\/a><\/blockquote><\/div>\n<\/div>\n<\/div>\n","protected":false},"excerpt":{"rendered":"<p>\u00d6vers\u00e4ttningstj\u00e4nst Metafor Verksamhetsform:&nbsp;Egenf\u00f6retagareFO-nummer:&nbsp;2293580-0Momsnummer:&nbsp;FI29935800 \u00d6vers\u00e4ttningstj\u00e4nst MetaforAdress:&nbsp;Kolokuja 3 B, l\u00e4genh. 9, 14200 Turenki, FinlandMobiltelefon:&nbsp;+358 44 5734 574E-postadress:&nbsp;info@kpmetafora.fiFacebook:&nbsp;https:\/\/www.facebook.com\/kpmetafora\/ Lauri Hanhim\u00e4ki Bakgrund: Filosofie magisterexamen (Master of Arts), Joensuu universitet, institutet f\u00f6r \u00f6vers\u00e4ttningsvetenskap, Savonlinna, FinlandHuvud\u00e4mne: engelska spr\u00e5ket och \u00f6vers\u00e4ttningBi\u00e4mne: finska spr\u00e5ket och \u00f6vers\u00e4ttning, \u00f6vers\u00e4ttningsvetenskap, svenska spr\u00e5ket och \u00f6vers\u00e4ttning, tolkning Medlem av KAJ \u2013 \u00d6vers\u00e4ttningsbranschens experter. Kontakt K\u00e4\u00e4nn\u00f6spalvelu MetaforaKolokuja 3 B [&hellip;]<\/p>\n","protected":false},"author":1,"featured_media":0,"parent":0,"menu_order":0,"comment_status":"closed","ping_status":"closed","template":"","meta":{"_acf_changed":false,"footnotes":""},"class_list":["post-4309","page","type-page","status-publish","hentry"],"acf":[],"aioseo_notices":[],"_links":{"self":[{"href":"https:\/\/www.kpmetafora.fi\/sv\/wp-json\/wp\/v2\/pages\/4309","targetHints":{"allow":["GET"]}}],"collection":[{"href":"https:\/\/www.kpmetafora.fi\/sv\/wp-json\/wp\/v2\/pages"}],"about":[{"href":"https:\/\/www.kpmetafora.fi\/sv\/wp-json\/wp\/v2\/types\/page"}],"author":[{"embeddable":true,"href":"https:\/\/www.kpmetafora.fi\/sv\/wp-json\/wp\/v2\/users\/1"}],"replies":[{"embeddable":true,"href":"https:\/\/www.kpmetafora.fi\/sv\/wp-json\/wp\/v2\/comments?post=4309"}],"version-history":[{"count":0,"href":"https:\/\/www.kpmetafora.fi\/sv\/wp-json\/wp\/v2\/pages\/4309\/revisions"}],"wp:attachment":[{"href":"https:\/\/www.kpmetafora.fi\/sv\/wp-json\/wp\/v2\/media?parent=4309"}],"curies":[{"name":"wp","href":"https:\/\/api.w.org\/{rel}","templated":true}]}}