{"id":4312,"date":"2025-09-15T14:18:12","date_gmt":"2025-09-15T11:18:12","guid":{"rendered":"https:\/\/www.kpmetafora.fi\/?page_id=4312"},"modified":"2025-09-15T14:19:52","modified_gmt":"2025-09-15T11:19:52","slug":"profile","status":"publish","type":"page","link":"https:\/\/www.kpmetafora.fi\/en\/profile\/","title":{"rendered":"Profile"},"content":{"rendered":"\r\n\r\n<section class=\"hero site-banner banner-bg-image section-default default alignfull image\">\r\n\r\n    <div class=\"site-banner-bg section-bg-image \" >\r\n\r\n        <img loading=\"lazy\" decoding=\"async\" width=\"1000\" height=\"500\" src=\"https:\/\/www.kpmetafora.fi\/wp-content\/uploads\/2025\/09\/yritys.jpg\" class=\"attachment-1536\u00d71536 size-1536\u00d71536\" alt=\"\" srcset=\"https:\/\/www.kpmetafora.fi\/wp-content\/uploads\/2025\/09\/yritys.jpg 1000w, https:\/\/www.kpmetafora.fi\/wp-content\/uploads\/2025\/09\/yritys-300x150.jpg 300w, https:\/\/www.kpmetafora.fi\/wp-content\/uploads\/2025\/09\/yritys-768x384.jpg 768w\" sizes=\"auto, (max-width: 1000px) 100vw, 1000px\" \/>\r\n        \r\n            <div class=\"site-banner-content container\">\r\n                <div class=\"row w-100\">\r\n                    <div class=\"col-md-12\">\r\n\r\n                        <h1 class=\"hero-title\">Profile<\/h1><div class=\"inner-content\">\r\n                            <div class=\"acf-innerblocks-container\"><\/div>\r\n                        <\/div>                    <\/div>\r\n                <\/div>\r\n            <\/div>\r\n        \r\n        <\/div><\/section>\n\n\n<div class=\"wp-block-columns is-layout-flex wp-container-core-columns-is-layout-9d6595d7 wp-block-columns-is-layout-flex\">\n<div class=\"wp-block-column is-layout-flow wp-block-column-is-layout-flow\" style=\"flex-basis:66.66%\">\n<h2 class=\"wp-block-heading\">Translation Service Metaphor<\/h2>\n\n\n\n<p><strong>Business type:<\/strong>&nbsp;private person carrying on trade<br><strong>Business Identity Code:<\/strong>&nbsp;2293580-0<br><strong>VAT number:<\/strong>&nbsp;FI22935800<\/p>\n\n\n\n<p><strong>Address<\/strong>: Kolokuja 3 B apt. 9, 14200, Turenki, Finland<br><strong>Mobile phone:<\/strong>&nbsp;+358 44 5734 574<br><strong>E-mail:&nbsp;<\/strong><a href=\"mailto:info@metafora.fi\">info@kpmetafora.fi<br><\/a><strong>Facebook:<\/strong>&nbsp;<a href=\"https:\/\/www.facebook.com\/kpmetafora\/\">https:\/\/www.facebook.com\/kpmetafora\/<\/a><\/p>\n\n\n\n<p><a href=\"http:\/\/www.linkedin.com\/pub\/lauri-hanhim%C3%A4ki\/63\/97\/a2\"><strong>Lauri Hanhim\u00e4ki<\/strong><\/a><br><strong>Qualifications:<\/strong>&nbsp;Master of Arts, University of Joensuu, Department of Translation Studies, Savonlinna, Finland<br><strong>Major subject:<\/strong>&nbsp;English language and translation<br><strong>Minor subjects:&nbsp;<\/strong>Finnish language and translation, Translation studies, Swedish language and translation, Interpreting<\/p>\n\n\n\n<p>Member of Translation Industry Professionals<\/p>\n<\/div>\n\n\n\n<div class=\"wp-block-column is-layout-flow wp-block-column-is-layout-flow\" style=\"flex-basis:33.33%\">\n<h2 class=\"wp-block-heading\">Contact<\/h2>\n\n\n\n<p><strong>Translation Service Metaphor<\/strong><br>Kolokuja 3 B 9<br>14200 Turenki<\/p>\n\n\n\n<p><strong>Tel:<br><\/strong>+358 44 5734 574<\/p>\n\n\n\n<p><strong>Email:<br><\/strong>info@kpmetafora.fi<\/p>\n\n\n\n<div class=\"fb-page\" data-href=\"https:\/\/www.facebook.com\/kpmetafora\" data-tabs=\"timeline\" data-width=\"\" data-height=\"\" data-small-header=\"false\" data-adapt-container-width=\"true\" data-hide-cover=\"false\" data-show-facepile=\"true\"><blockquote cite=\"https:\/\/www.facebook.com\/kpmetafora\" class=\"fb-xfbml-parse-ignore\"><a href=\"https:\/\/www.facebook.com\/kpmetafora\">K\u00e4\u00e4nn\u00f6spalvelu Metafora<\/a><\/blockquote><\/div>\n<\/div>\n<\/div>\n","protected":false},"excerpt":{"rendered":"<p>Translation Service Metaphor Business type:&nbsp;private person carrying on tradeBusiness Identity Code:&nbsp;2293580-0VAT number:&nbsp;FI22935800 Address: Kolokuja 3 B apt. 9, 14200, Turenki, FinlandMobile phone:&nbsp;+358 44 5734 574E-mail:&nbsp;info@kpmetafora.fiFacebook:&nbsp;https:\/\/www.facebook.com\/kpmetafora\/ Lauri Hanhim\u00e4kiQualifications:&nbsp;Master of Arts, University of Joensuu, Department of Translation Studies, Savonlinna, FinlandMajor subject:&nbsp;English language and translationMinor subjects:&nbsp;Finnish language and translation, Translation studies, Swedish language and translation, Interpreting Member of [&hellip;]<\/p>\n","protected":false},"author":1,"featured_media":0,"parent":0,"menu_order":0,"comment_status":"closed","ping_status":"closed","template":"","meta":{"_acf_changed":false,"footnotes":""},"class_list":["post-4312","page","type-page","status-publish","hentry"],"acf":[],"aioseo_notices":[],"_links":{"self":[{"href":"https:\/\/www.kpmetafora.fi\/en\/wp-json\/wp\/v2\/pages\/4312","targetHints":{"allow":["GET"]}}],"collection":[{"href":"https:\/\/www.kpmetafora.fi\/en\/wp-json\/wp\/v2\/pages"}],"about":[{"href":"https:\/\/www.kpmetafora.fi\/en\/wp-json\/wp\/v2\/types\/page"}],"author":[{"embeddable":true,"href":"https:\/\/www.kpmetafora.fi\/en\/wp-json\/wp\/v2\/users\/1"}],"replies":[{"embeddable":true,"href":"https:\/\/www.kpmetafora.fi\/en\/wp-json\/wp\/v2\/comments?post=4312"}],"version-history":[{"count":0,"href":"https:\/\/www.kpmetafora.fi\/en\/wp-json\/wp\/v2\/pages\/4312\/revisions"}],"wp:attachment":[{"href":"https:\/\/www.kpmetafora.fi\/en\/wp-json\/wp\/v2\/media?parent=4312"}],"curies":[{"name":"wp","href":"https:\/\/api.w.org\/{rel}","templated":true}]}}