{"id":4293,"date":"2025-09-15T13:05:26","date_gmt":"2025-09-15T10:05:26","guid":{"rendered":"https:\/\/www.kpmetafora.fi\/?page_id=4293"},"modified":"2026-02-03T09:20:15","modified_gmt":"2026-02-03T07:20:15","slug":"editing","status":"publish","type":"page","link":"https:\/\/www.kpmetafora.fi\/en\/editing\/","title":{"rendered":"Editing"},"content":{"rendered":"\r\n\r\n<section class=\"hero site-banner banner-bg-image section-default default alignfull image\">\r\n\r\n    <div class=\"site-banner-bg section-bg-image \" >\r\n\r\n        <img loading=\"lazy\" decoding=\"async\" width=\"1000\" height=\"500\" src=\"https:\/\/www.kpmetafora.fi\/wp-content\/uploads\/2025\/09\/tekstinhuolto.jpg\" class=\"attachment-1536\u00d71536 size-1536\u00d71536\" alt=\"\" srcset=\"https:\/\/www.kpmetafora.fi\/wp-content\/uploads\/2025\/09\/tekstinhuolto.jpg 1000w, https:\/\/www.kpmetafora.fi\/wp-content\/uploads\/2025\/09\/tekstinhuolto-300x150.jpg 300w, https:\/\/www.kpmetafora.fi\/wp-content\/uploads\/2025\/09\/tekstinhuolto-768x384.jpg 768w\" sizes=\"auto, (max-width: 1000px) 100vw, 1000px\" \/>\r\n        \r\n            <div class=\"site-banner-content container\">\r\n                <div class=\"row w-100\">\r\n                    <div class=\"col-md-12\">\r\n\r\n                        <h1 class=\"hero-title\">Editing<\/h1><div class=\"inner-content\">\r\n                            <div class=\"acf-innerblocks-container\"><\/div>\r\n                        <\/div>                    <\/div>\r\n                <\/div>\r\n            <\/div>\r\n        \r\n        <\/div><\/section>\n\n\n<div class=\"wp-block-columns is-style-default is-layout-flex wp-container-core-columns-is-layout-9d6595d7 wp-block-columns-is-layout-flex\">\n<div class=\"wp-block-column is-layout-flow wp-block-column-is-layout-flow\">\n<h2 class=\"wp-block-heading\">Spell it out!<\/h2>\n\n\n\n<h3 class=\"wp-block-heading\">Translation editing<\/h3>\n\n\n\n<p>There is no quicker way to eat out your credibility than mistranslation and unclear expressions. If you need to verify the quality of a translation, send it for translation editing. The equivalence between the source and target text as well as the grammar, spelling and style of the target text are revised.<\/p>\n\n\n\n<h3 class=\"wp-block-heading\">Proofreading<\/h3>\n\n\n\n<p>If you want your text to address its readers clearly and with correct grammar, send your text for proofreading. By doing so, you will ensure that the meaning of the text is conveyed to its readers in a manner that is suitable for the text type and that you avoid clich\u00e9s, typos and grammatical errors. Errors will be corrected and ambiguous points will be commented on.<\/p>\n<\/div>\n\n\n\n<div class=\"wp-block-column is-layout-flow wp-block-column-is-layout-flow\" style=\"flex-basis:33%\">\n<h2 class=\"wp-block-heading\">Info<\/h2>\n\n\n\n<p>A 25.5% value-added tax is added to the price of the service only for clients in Finland and for clients within the EU who are not VAT-liable for business activity.<\/p>\n\n\n\n<p>If the customer cancels an assignment, a compensation for work done up until the day of cancellation is charged. Payment term is 14 days from the date of invoice.<\/p>\n\n\n\n<p><a href=\"http:\/\/www.kpmetafora.fi\/en\/contact\/\" title=\"\">You may request a quotation for translation editing or proofreading here<\/a><\/p>\n\n\n\n<div class=\"fb-page\" data-href=\"https:\/\/www.facebook.com\/kpmetafora\" data-tabs=\"timeline\" data-width=\"\" data-height=\"\" data-small-header=\"false\" data-adapt-container-width=\"true\" data-hide-cover=\"false\" data-show-facepile=\"true\"><blockquote cite=\"https:\/\/www.facebook.com\/kpmetafora\" class=\"fb-xfbml-parse-ignore\"><a href=\"https:\/\/www.facebook.com\/kpmetafora\">K\u00e4\u00e4nn\u00f6spalvelu Metafora<\/a><\/blockquote><\/div>\n<\/div>\n<\/div>\n","protected":false},"excerpt":{"rendered":"<p>Spell it out! Translation editing There is no quicker way to eat out your credibility than mistranslation and unclear expressions. If you need to verify the quality of a translation, send it for translation editing. The equivalence between the source and target text as well as the grammar, spelling and style of the target text [&hellip;]<\/p>\n","protected":false},"author":1,"featured_media":0,"parent":0,"menu_order":0,"comment_status":"closed","ping_status":"closed","template":"","meta":{"_acf_changed":false,"footnotes":""},"class_list":["post-4293","page","type-page","status-publish","hentry"],"acf":[],"aioseo_notices":[],"_links":{"self":[{"href":"https:\/\/www.kpmetafora.fi\/en\/wp-json\/wp\/v2\/pages\/4293","targetHints":{"allow":["GET"]}}],"collection":[{"href":"https:\/\/www.kpmetafora.fi\/en\/wp-json\/wp\/v2\/pages"}],"about":[{"href":"https:\/\/www.kpmetafora.fi\/en\/wp-json\/wp\/v2\/types\/page"}],"author":[{"embeddable":true,"href":"https:\/\/www.kpmetafora.fi\/en\/wp-json\/wp\/v2\/users\/1"}],"replies":[{"embeddable":true,"href":"https:\/\/www.kpmetafora.fi\/en\/wp-json\/wp\/v2\/comments?post=4293"}],"version-history":[{"count":1,"href":"https:\/\/www.kpmetafora.fi\/en\/wp-json\/wp\/v2\/pages\/4293\/revisions"}],"predecessor-version":[{"id":4332,"href":"https:\/\/www.kpmetafora.fi\/en\/wp-json\/wp\/v2\/pages\/4293\/revisions\/4332"}],"wp:attachment":[{"href":"https:\/\/www.kpmetafora.fi\/en\/wp-json\/wp\/v2\/media?parent=4293"}],"curies":[{"name":"wp","href":"https:\/\/api.w.org\/{rel}","templated":true}]}}