{"id":4258,"date":"2025-08-01T14:42:32","date_gmt":"2025-08-01T11:42:32","guid":{"rendered":"https:\/\/www.kpmetafora.fi\/?page_id=4258"},"modified":"2026-02-02T11:13:52","modified_gmt":"2026-02-02T09:13:52","slug":"translation-service-metaphor","status":"publish","type":"page","link":"https:\/\/www.kpmetafora.fi\/en\/","title":{"rendered":"Home"},"content":{"rendered":"\r\n\r\n<section class=\"hero site-banner banner-bg-image section-default default alignfull image\">\r\n\r\n    <div class=\"site-banner-bg section-bg-image ob-position\" style=\"object-position: 50% 99%\" >\r\n\r\n        <img loading=\"lazy\" decoding=\"async\" width=\"1920\" height=\"1440\" src=\"https:\/\/www.kpmetafora.fi\/wp-content\/uploads\/2025\/09\/bodybg.jpg\" class=\"attachment-1536\u00d71536 size-1536\u00d71536\" alt=\"\" srcset=\"https:\/\/www.kpmetafora.fi\/wp-content\/uploads\/2025\/09\/bodybg.jpg 1920w, https:\/\/www.kpmetafora.fi\/wp-content\/uploads\/2025\/09\/bodybg-300x225.jpg 300w, https:\/\/www.kpmetafora.fi\/wp-content\/uploads\/2025\/09\/bodybg-1024x768.jpg 1024w, https:\/\/www.kpmetafora.fi\/wp-content\/uploads\/2025\/09\/bodybg-768x576.jpg 768w, https:\/\/www.kpmetafora.fi\/wp-content\/uploads\/2025\/09\/bodybg-1536x1152.jpg 1536w\" sizes=\"auto, (max-width: 1920px) 100vw, 1920px\" \/>\r\n        \r\n            <div class=\"site-banner-content container\">\r\n                <div class=\"row w-100\">\r\n                    <div class=\"col-md-12\">\r\n\r\n                        <h1 class=\"hero-title\">Translation Service Metaphor<\/h1><div class=\"inner-content\">\r\n                            <div class=\"acf-innerblocks-container\"><\/div>\r\n                        <\/div>                    <\/div>\r\n                <\/div>\r\n            <\/div>\r\n        \r\n        <\/div><\/section>\n\n\n<div class=\"wp-block-columns is-style-default is-layout-flex wp-container-core-columns-is-layout-9d6595d7 wp-block-columns-is-layout-flex\">\n<div class=\"wp-block-column is-layout-flow wp-block-column-is-layout-flow\">\n<h2 class=\"wp-block-heading\">Welcome to the website of Translation Service Metaphor, where you will find high-quality translation and editing services.<\/h2>\n\n\n\n<p>The language combinations offered are English to Finnish, Finnish to English and Swedish to Finnish.<\/p>\n\n\n\n<p>Translation Service Metaphor provides professional translation and editing services for companies, organisations and private persons to ensure the success of your intercultural communication by delivering the most precious aspect of your text, the meaning, safely into the target culture using correct and fluent language.<\/p>\n\n\n\n<p>The skills and knowledge of translation studies, modern computer-assisted translation tools and client-friendly, reliable service translate into outstanding translations and refined texts, which ensure that your message gets across.<\/p>\n<\/div>\n\n\n\n<div class=\"wp-block-column is-layout-flow wp-block-column-is-layout-flow\" style=\"flex-basis:33%\">\n<div class=\"fb-page\" data-href=\"https:\/\/www.facebook.com\/kpmetafora\" data-tabs=\"timeline\" data-width=\"\" data-height=\"\" data-small-header=\"false\" data-adapt-container-width=\"true\" data-hide-cover=\"false\" data-show-facepile=\"true\"><blockquote cite=\"https:\/\/www.facebook.com\/kpmetafora\" class=\"fb-xfbml-parse-ignore\"><a href=\"https:\/\/www.facebook.com\/kpmetafora\">K\u00e4\u00e4nn\u00f6spalvelu Metafora<\/a><\/blockquote><\/div>\n<\/div>\n<\/div>\n\n\n\n<div class=\"wp-block-columns nosto-kuva-ja-teksti is-layout-flex wp-container-core-columns-is-layout-9d6595d7 wp-block-columns-is-layout-flex\">\n<div class=\"wp-block-column has-white-background-color has-background is-layout-flow wp-block-column-is-layout-flow\">\n<h2 class=\"wp-block-heading\">Translations<\/h2>\n\n\n\n<p>Translation Service Metaphor translates for example: brochures, websites, thesis abstracts, agreements, CVs, subtitles, articles, news items, press releases, PowerPoint presentations, annual reports etc.<\/p>\n\n\n\n<div class=\"wp-block-buttons is-layout-flex wp-block-buttons-is-layout-flex\">\n<div class=\"wp-block-button\"><a class=\"wp-block-button__link wp-element-button\" href=\"https:\/\/www.kpmetafora.fi\/en\/translations\/\">Read more<\/a><\/div>\n<\/div>\n<\/div>\n\n\n\n<div class=\"wp-block-column has-white-background-color has-background is-layout-flow wp-block-column-is-layout-flow\">\n<h2 class=\"wp-block-heading has-text-align-left\">Editing<\/h2>\n\n\n\n<p>There is no quicker way to eat out your credibility than mistranslation and unclear expressions. If you need to verify the quality of a translation, send it for translation editing.<\/p>\n\n\n\n<div class=\"wp-block-buttons is-layout-flex wp-block-buttons-is-layout-flex\">\n<div class=\"wp-block-button\"><a class=\"wp-block-button__link wp-element-button\" href=\"https:\/\/www.kpmetafora.fi\/en\/editing\/\">Read more<\/a><\/div>\n<\/div>\n<\/div>\n\n\n\n<div class=\"wp-block-column has-white-background-color has-background is-layout-flow wp-block-column-is-layout-flow\">\n<h2 class=\"wp-block-heading\">Contact<\/h2>\n\n\n\n<p class=\"nosto-kuva-ja-teksti\">If possible, kindly include as many details as possible about the assignment, for example: service requested, languages and translation direction, scope of the text (number of words), subject of the text etc.<\/p>\n\n\n\n<div class=\"wp-block-buttons is-layout-flex wp-block-buttons-is-layout-flex\">\n<div class=\"wp-block-button is-style-fill\"><a class=\"wp-block-button__link wp-element-button\" href=\"https:\/\/www.kpmetafora.fi\/en\/contact\/\">Read more<\/a><\/div>\n<\/div>\n<\/div>\n<\/div>\n","protected":false},"excerpt":{"rendered":"<p>Welcome to the website of Translation Service Metaphor, where you will find high-quality translation and editing services. The language combinations offered are English to Finnish, Finnish to English and Swedish to Finnish. Translation Service Metaphor provides professional translation and editing services for companies, organisations and private persons to ensure the success of your intercultural communication [&hellip;]<\/p>\n","protected":false},"author":1,"featured_media":0,"parent":0,"menu_order":1,"comment_status":"closed","ping_status":"closed","template":"","meta":{"_acf_changed":false,"footnotes":""},"class_list":["post-4258","page","type-page","status-publish","hentry"],"acf":[],"aioseo_notices":[],"_links":{"self":[{"href":"https:\/\/www.kpmetafora.fi\/en\/wp-json\/wp\/v2\/pages\/4258","targetHints":{"allow":["GET"]}}],"collection":[{"href":"https:\/\/www.kpmetafora.fi\/en\/wp-json\/wp\/v2\/pages"}],"about":[{"href":"https:\/\/www.kpmetafora.fi\/en\/wp-json\/wp\/v2\/types\/page"}],"author":[{"embeddable":true,"href":"https:\/\/www.kpmetafora.fi\/en\/wp-json\/wp\/v2\/users\/1"}],"replies":[{"embeddable":true,"href":"https:\/\/www.kpmetafora.fi\/en\/wp-json\/wp\/v2\/comments?post=4258"}],"version-history":[{"count":0,"href":"https:\/\/www.kpmetafora.fi\/en\/wp-json\/wp\/v2\/pages\/4258\/revisions"}],"wp:attachment":[{"href":"https:\/\/www.kpmetafora.fi\/en\/wp-json\/wp\/v2\/media?parent=4258"}],"curies":[{"name":"wp","href":"https:\/\/api.w.org\/{rel}","templated":true}]}}